{"id":80891,"date":"2023-01-19T18:38:19","date_gmt":"2023-01-19T17:38:19","guid":{"rendered":"https:\/\/webtst.fisiogestion.com\/servicios-en-centros\/unidad-del-deporte\/"},"modified":"2023-04-20T10:43:33","modified_gmt":"2023-04-20T08:43:33","slug":"unidad-del-deporte","status":"publish","type":"page","link":"https:\/\/www.fisiogestion.com\/ca\/servicios-en-centros\/unidad-del-deporte\/","title":{"rendered":"Unitat de l&#8217;esport"},"content":{"rendered":"<h2 style=\"text-align: center;\">Centre de Fisioter\u00e0pia Esportiva Avan\u00e7ada<\/h2>\n<p>La Unitat de l\u2019esport \u00e9s l\u2019\u00e0rea de Corporaci\u00f3\u00a0<span class=\"hiddenSpellError\">Fisiogesti\u00f3n<\/span>\u00a0que gestiona el <strong>Centre d\u2019Alt Rendiment<\/strong> situat al carrer\u00a0Roger de Ll\u00faria 33\u00a0de Barcelona.<\/p>\n<p>Consta d\u2019unes instal\u00b7lacions de 200 m\u00b2 i la maquin\u00e0ria m\u00e9s actual. En el centre s\u2019apliquen t\u00e8cniques de fisioter\u00e0pia avan\u00e7ada adaptades a les necessitats dels usuaris.<\/p>\n<div class=\"embed-container\"><iframe loading=\"lazy\" title=\"YouTube video player\" src=\"https:\/\/www.youtube.com\/embed\/-7Wu2cy4P7k\" width=\"560\" height=\"315\" frameborder=\"0\" allowfullscreen=\"allowfullscreen\" data-mce-fragment=\"1\"><span data-mce-type=\"bookmark\" style=\"display: inline-block; width: 0px; overflow: hidden; line-height: 0;\" class=\"mce_SELRES_start\">\ufeff<\/span><\/iframe><\/div>\n<h2 style=\"text-align: center;\">Centre d\u2019Alt Rendiment a Barcelona<\/h2>\n","protected":false},"excerpt":{"rendered":"<p>Centre de Fisioter\u00e0pia Esportiva Avan\u00e7ada La Unitat de l\u2019esport \u00e9s l\u2019\u00e0rea de Corporaci\u00f3\u00a0Fisiogesti\u00f3n\u00a0que gestiona el Centre d\u2019Alt Rendiment situat al carrer\u00a0Roger de Ll\u00faria 33\u00a0de Barcelona. Consta d\u2019unes instal\u00b7lacions de 200 m\u00b2 i la maquin\u00e0ria m\u00e9s actual. En el centre s\u2019apliquen t\u00e8cniques de fisioter\u00e0pia avan\u00e7ada adaptades a les necessitats dels usuaris. \ufeff Centre d\u2019Alt Rendiment a [&hellip;]<\/p>\n","protected":false},"author":1,"featured_media":80978,"parent":79836,"menu_order":0,"comment_status":"closed","ping_status":"closed","template":"template-services.php","meta":{"_acf_changed":false,"inline_featured_image":false,"footnotes":""},"class_list":["post-80891","page","type-page","status-publish","has-post-thumbnail","hentry"],"acf":[],"yoast_head":"<!-- This site is optimized with the Yoast SEO plugin v27.5 - https:\/\/yoast.com\/product\/yoast-seo-wordpress\/ -->\n<title>Unitat de l&#039;esport | Corporaci\u00f3 Fisiogesti\u00f3n<\/title>\n<meta name=\"description\" content=\"Unitat de l&#039;esport | Corporaci\u00f3 Fisiogesti\u00f3n\" \/>\n<meta name=\"robots\" content=\"index, follow, max-snippet:-1, max-image-preview:large, max-video-preview:-1\" \/>\n<link rel=\"canonical\" href=\"https:\/\/www.fisiogestion.com\/ca\/servicios-en-centros\/unidad-del-deporte\/\" \/>\n<meta property=\"og:locale\" content=\"ca_ES\" \/>\n<meta property=\"og:type\" content=\"article\" \/>\n<meta property=\"og:title\" content=\"Unitat de l&#039;esport | Corporaci\u00f3 Fisiogesti\u00f3n\" \/>\n<meta property=\"og:description\" content=\"Unitat de l&#039;esport | Corporaci\u00f3 Fisiogesti\u00f3n\" \/>\n<meta property=\"og:url\" content=\"https:\/\/www.fisiogestion.com\/ca\/servicios-en-centros\/unidad-del-deporte\/\" \/>\n<meta property=\"og:site_name\" content=\"Corporaci\u00f3 Fisiogesti\u00f3n\" \/>\n<meta property=\"article:modified_time\" content=\"2023-04-20T08:43:33+00:00\" \/>\n<meta property=\"og:image\" content=\"https:\/\/www.fisiogestion.com\/wp-content\/uploads\/2023\/01\/unidad_del_deporte.jpg\" \/>\n\t<meta property=\"og:image:width\" content=\"200\" \/>\n\t<meta property=\"og:image:height\" content=\"200\" \/>\n\t<meta property=\"og:image:type\" content=\"image\/jpeg\" \/>\n<meta name=\"twitter:card\" content=\"summary_large_image\" \/>\n<!-- \/ Yoast SEO plugin. -->","yoast_head_json":{"title":"Unitat de l'esport | Corporaci\u00f3 Fisiogesti\u00f3n","description":"Unitat de l'esport | Corporaci\u00f3 Fisiogesti\u00f3n","robots":{"index":"index","follow":"follow","max-snippet":"max-snippet:-1","max-image-preview":"max-image-preview:large","max-video-preview":"max-video-preview:-1"},"canonical":"https:\/\/www.fisiogestion.com\/ca\/servicios-en-centros\/unidad-del-deporte\/","og_locale":"ca_ES","og_type":"article","og_title":"Unitat de l'esport | Corporaci\u00f3 Fisiogesti\u00f3n","og_description":"Unitat de l'esport | Corporaci\u00f3 Fisiogesti\u00f3n","og_url":"https:\/\/www.fisiogestion.com\/ca\/servicios-en-centros\/unidad-del-deporte\/","og_site_name":"Corporaci\u00f3 Fisiogesti\u00f3n","article_modified_time":"2023-04-20T08:43:33+00:00","og_image":[{"width":200,"height":200,"url":"https:\/\/www.fisiogestion.com\/wp-content\/uploads\/2023\/01\/unidad_del_deporte.jpg","type":"image\/jpeg"}],"twitter_card":"summary_large_image","schema":{"@context":"https:\/\/schema.org","@graph":[{"@type":"WebPage","@id":"https:\/\/www.fisiogestion.com\/ca\/servicios-en-centros\/unidad-del-deporte\/","url":"https:\/\/www.fisiogestion.com\/ca\/servicios-en-centros\/unidad-del-deporte\/","name":"Unitat de l'esport | Corporaci\u00f3 Fisiogesti\u00f3n","isPartOf":{"@id":"https:\/\/www.fisiogestion.com\/ca\/#website"},"primaryImageOfPage":{"@id":"https:\/\/www.fisiogestion.com\/ca\/servicios-en-centros\/unidad-del-deporte\/#primaryimage"},"image":{"@id":"https:\/\/www.fisiogestion.com\/ca\/servicios-en-centros\/unidad-del-deporte\/#primaryimage"},"thumbnailUrl":"https:\/\/www.fisiogestion.com\/wp-content\/uploads\/2023\/01\/unidad_del_deporte.jpg","datePublished":"2023-01-19T17:38:19+00:00","dateModified":"2023-04-20T08:43:33+00:00","description":"Unitat de l'esport | Corporaci\u00f3 Fisiogesti\u00f3n","breadcrumb":{"@id":"https:\/\/www.fisiogestion.com\/ca\/servicios-en-centros\/unidad-del-deporte\/#breadcrumb"},"inLanguage":"ca","potentialAction":[{"@type":"ReadAction","target":["https:\/\/www.fisiogestion.com\/ca\/servicios-en-centros\/unidad-del-deporte\/"]}]},{"@type":"ImageObject","inLanguage":"ca","@id":"https:\/\/www.fisiogestion.com\/ca\/servicios-en-centros\/unidad-del-deporte\/#primaryimage","url":"https:\/\/www.fisiogestion.com\/wp-content\/uploads\/2023\/01\/unidad_del_deporte.jpg","contentUrl":"https:\/\/www.fisiogestion.com\/wp-content\/uploads\/2023\/01\/unidad_del_deporte.jpg","width":200,"height":200},{"@type":"BreadcrumbList","@id":"https:\/\/www.fisiogestion.com\/ca\/servicios-en-centros\/unidad-del-deporte\/#breadcrumb","itemListElement":[{"@type":"ListItem","position":1,"name":"Inici","item":"https:\/\/www.fisiogestion.com\/ca\/"},{"@type":"ListItem","position":2,"name":"Serveis al centres","item":"https:\/\/www.fisiogestion.com\/ca\/servicios-en-centros\/"},{"@type":"ListItem","position":3,"name":"Unitat de l&#8217;esport"}]},{"@type":"WebSite","@id":"https:\/\/www.fisiogestion.com\/ca\/#website","url":"https:\/\/www.fisiogestion.com\/ca\/","name":"Corporaci\u00f3 Fisiogesti\u00f3n","description":"Una nova manera d&#039;entendre la rehabilitaci\u00f3 i la cura integral de les persones","publisher":{"@id":"https:\/\/www.fisiogestion.com\/ca\/#organization"},"potentialAction":[{"@type":"SearchAction","target":{"@type":"EntryPoint","urlTemplate":"https:\/\/www.fisiogestion.com\/ca\/?s={search_term_string}"},"query-input":{"@type":"PropertyValueSpecification","valueRequired":true,"valueName":"search_term_string"}}],"inLanguage":"ca"},{"@type":"Organization","@id":"https:\/\/www.fisiogestion.com\/ca\/#organization","name":"Corporaci\u00f3n Fisiogesti\u00f3n","url":"https:\/\/www.fisiogestion.com\/ca\/","logo":{"@type":"ImageObject","inLanguage":"ca","@id":"https:\/\/www.fisiogestion.com\/ca\/#\/schema\/logo\/image\/","url":"https:\/\/www.fisiogestion.com\/wp-content\/uploads\/2022\/07\/fisiogestion_logo_cast.svg","contentUrl":"https:\/\/www.fisiogestion.com\/wp-content\/uploads\/2022\/07\/fisiogestion_logo_cast.svg","width":100,"height":100,"caption":"Corporaci\u00f3n Fisiogesti\u00f3n"},"image":{"@id":"https:\/\/www.fisiogestion.com\/ca\/#\/schema\/logo\/image\/"}}]}},"_links":{"self":[{"href":"https:\/\/www.fisiogestion.com\/ca\/wp-json\/wp\/v2\/pages\/80891","targetHints":{"allow":["GET"]}}],"collection":[{"href":"https:\/\/www.fisiogestion.com\/ca\/wp-json\/wp\/v2\/pages"}],"about":[{"href":"https:\/\/www.fisiogestion.com\/ca\/wp-json\/wp\/v2\/types\/page"}],"author":[{"embeddable":true,"href":"https:\/\/www.fisiogestion.com\/ca\/wp-json\/wp\/v2\/users\/1"}],"replies":[{"embeddable":true,"href":"https:\/\/www.fisiogestion.com\/ca\/wp-json\/wp\/v2\/comments?post=80891"}],"version-history":[{"count":0,"href":"https:\/\/www.fisiogestion.com\/ca\/wp-json\/wp\/v2\/pages\/80891\/revisions"}],"up":[{"embeddable":true,"href":"https:\/\/www.fisiogestion.com\/ca\/wp-json\/wp\/v2\/pages\/79836"}],"wp:featuredmedia":[{"embeddable":true,"href":"https:\/\/www.fisiogestion.com\/ca\/wp-json\/wp\/v2\/media\/80978"}],"wp:attachment":[{"href":"https:\/\/www.fisiogestion.com\/ca\/wp-json\/wp\/v2\/media?parent=80891"}],"curies":[{"name":"wp","href":"https:\/\/api.w.org\/{rel}","templated":true}]}}