{"id":79867,"date":"2022-07-12T15:57:26","date_gmt":"2022-07-12T15:57:26","guid":{"rendered":"https:\/\/webtst.fisiogestion.com\/servicios-en-centros\/servicios-logopedia\/"},"modified":"2022-09-01T10:10:39","modified_gmt":"2022-09-01T10:10:39","slug":"servicios-logopedia","status":"publish","type":"page","link":"https:\/\/www.fisiogestion.com\/ca\/servicios-en-centros\/servicios-logopedia\/","title":{"rendered":"Logop\u00e8dia"},"content":{"rendered":"","protected":false},"excerpt":{"rendered":"","protected":false},"author":1,"featured_media":1229,"parent":79836,"menu_order":0,"comment_status":"closed","ping_status":"closed","template":"template-services.php","meta":{"_acf_changed":false,"inline_featured_image":false,"footnotes":""},"class_list":["post-79867","page","type-page","status-publish","has-post-thumbnail","hentry"],"acf":[],"yoast_head":"<!-- This site is optimized with the Yoast SEO plugin v27.3 - https:\/\/yoast.com\/product\/yoast-seo-wordpress\/ -->\n<title>Logop\u00e8dia | Corporaci\u00f3 Fisiogesti\u00f3n<\/title>\n<meta name=\"description\" content=\"Logop\u00e8dia | Corporaci\u00f3 Fisiogesti\u00f3n\" \/>\n<meta name=\"robots\" content=\"index, follow, max-snippet:-1, max-image-preview:large, max-video-preview:-1\" \/>\n<link rel=\"canonical\" href=\"https:\/\/www.fisiogestion.com\/ca\/servicios-en-centros\/servicios-logopedia\/\" \/>\n<meta property=\"og:locale\" content=\"ca_ES\" \/>\n<meta property=\"og:type\" content=\"article\" \/>\n<meta property=\"og:title\" content=\"Logop\u00e8dia | Corporaci\u00f3 Fisiogesti\u00f3n\" \/>\n<meta property=\"og:description\" content=\"Logop\u00e8dia | Corporaci\u00f3 Fisiogesti\u00f3n\" \/>\n<meta property=\"og:url\" content=\"https:\/\/www.fisiogestion.com\/ca\/servicios-en-centros\/servicios-logopedia\/\" \/>\n<meta property=\"og:site_name\" content=\"Corporaci\u00f3 Fisiogesti\u00f3n\" \/>\n<meta property=\"article:modified_time\" content=\"2022-09-01T10:10:39+00:00\" \/>\n<meta property=\"og:image\" content=\"https:\/\/www.fisiogestion.com\/wp-content\/uploads\/2022\/07\/DOMI_Logopedia_centros.jpg\" \/>\n\t<meta property=\"og:image:width\" content=\"200\" \/>\n\t<meta property=\"og:image:height\" content=\"200\" \/>\n\t<meta property=\"og:image:type\" content=\"image\/jpeg\" \/>\n<meta name=\"twitter:card\" content=\"summary_large_image\" \/>\n<!-- \/ Yoast SEO plugin. -->","yoast_head_json":{"title":"Logop\u00e8dia | Corporaci\u00f3 Fisiogesti\u00f3n","description":"Logop\u00e8dia | Corporaci\u00f3 Fisiogesti\u00f3n","robots":{"index":"index","follow":"follow","max-snippet":"max-snippet:-1","max-image-preview":"max-image-preview:large","max-video-preview":"max-video-preview:-1"},"canonical":"https:\/\/www.fisiogestion.com\/ca\/servicios-en-centros\/servicios-logopedia\/","og_locale":"ca_ES","og_type":"article","og_title":"Logop\u00e8dia | Corporaci\u00f3 Fisiogesti\u00f3n","og_description":"Logop\u00e8dia | Corporaci\u00f3 Fisiogesti\u00f3n","og_url":"https:\/\/www.fisiogestion.com\/ca\/servicios-en-centros\/servicios-logopedia\/","og_site_name":"Corporaci\u00f3 Fisiogesti\u00f3n","article_modified_time":"2022-09-01T10:10:39+00:00","og_image":[{"width":200,"height":200,"url":"https:\/\/www.fisiogestion.com\/wp-content\/uploads\/2022\/07\/DOMI_Logopedia_centros.jpg","type":"image\/jpeg"}],"twitter_card":"summary_large_image","schema":{"@context":"https:\/\/schema.org","@graph":[{"@type":"WebPage","@id":"https:\/\/www.fisiogestion.com\/ca\/servicios-en-centros\/servicios-logopedia\/","url":"https:\/\/www.fisiogestion.com\/ca\/servicios-en-centros\/servicios-logopedia\/","name":"Logop\u00e8dia | Corporaci\u00f3 Fisiogesti\u00f3n","isPartOf":{"@id":"https:\/\/www.fisiogestion.com\/ca\/#website"},"primaryImageOfPage":{"@id":"https:\/\/www.fisiogestion.com\/ca\/servicios-en-centros\/servicios-logopedia\/#primaryimage"},"image":{"@id":"https:\/\/www.fisiogestion.com\/ca\/servicios-en-centros\/servicios-logopedia\/#primaryimage"},"thumbnailUrl":"https:\/\/www.fisiogestion.com\/wp-content\/uploads\/2022\/07\/DOMI_Logopedia_centros.jpg","datePublished":"2022-07-12T15:57:26+00:00","dateModified":"2022-09-01T10:10:39+00:00","description":"Logop\u00e8dia | Corporaci\u00f3 Fisiogesti\u00f3n","breadcrumb":{"@id":"https:\/\/www.fisiogestion.com\/ca\/servicios-en-centros\/servicios-logopedia\/#breadcrumb"},"inLanguage":"ca","potentialAction":[{"@type":"ReadAction","target":["https:\/\/www.fisiogestion.com\/ca\/servicios-en-centros\/servicios-logopedia\/"]}]},{"@type":"ImageObject","inLanguage":"ca","@id":"https:\/\/www.fisiogestion.com\/ca\/servicios-en-centros\/servicios-logopedia\/#primaryimage","url":"https:\/\/www.fisiogestion.com\/wp-content\/uploads\/2022\/07\/DOMI_Logopedia_centros.jpg","contentUrl":"https:\/\/www.fisiogestion.com\/wp-content\/uploads\/2022\/07\/DOMI_Logopedia_centros.jpg","width":200,"height":200},{"@type":"BreadcrumbList","@id":"https:\/\/www.fisiogestion.com\/ca\/servicios-en-centros\/servicios-logopedia\/#breadcrumb","itemListElement":[{"@type":"ListItem","position":1,"name":"Inici","item":"https:\/\/www.fisiogestion.com\/ca\/"},{"@type":"ListItem","position":2,"name":"Serveis al centres","item":"https:\/\/www.fisiogestion.com\/ca\/servicios-en-centros\/"},{"@type":"ListItem","position":3,"name":"Logop\u00e8dia"}]},{"@type":"WebSite","@id":"https:\/\/www.fisiogestion.com\/ca\/#website","url":"https:\/\/www.fisiogestion.com\/ca\/","name":"Corporaci\u00f3 Fisiogesti\u00f3n","description":"Una nova manera d&#039;entendre la rehabilitaci\u00f3 i la cura integral de les persones","publisher":{"@id":"https:\/\/www.fisiogestion.com\/ca\/#organization"},"potentialAction":[{"@type":"SearchAction","target":{"@type":"EntryPoint","urlTemplate":"https:\/\/www.fisiogestion.com\/ca\/?s={search_term_string}"},"query-input":{"@type":"PropertyValueSpecification","valueRequired":true,"valueName":"search_term_string"}}],"inLanguage":"ca"},{"@type":"Organization","@id":"https:\/\/www.fisiogestion.com\/ca\/#organization","name":"Corporaci\u00f3n Fisiogesti\u00f3n","url":"https:\/\/www.fisiogestion.com\/ca\/","logo":{"@type":"ImageObject","inLanguage":"ca","@id":"https:\/\/www.fisiogestion.com\/ca\/#\/schema\/logo\/image\/","url":"https:\/\/www.fisiogestion.com\/wp-content\/uploads\/2022\/07\/fisiogestion_logo_cast.svg","contentUrl":"https:\/\/www.fisiogestion.com\/wp-content\/uploads\/2022\/07\/fisiogestion_logo_cast.svg","width":100,"height":100,"caption":"Corporaci\u00f3n Fisiogesti\u00f3n"},"image":{"@id":"https:\/\/www.fisiogestion.com\/ca\/#\/schema\/logo\/image\/"}}]}},"_links":{"self":[{"href":"https:\/\/www.fisiogestion.com\/ca\/wp-json\/wp\/v2\/pages\/79867","targetHints":{"allow":["GET"]}}],"collection":[{"href":"https:\/\/www.fisiogestion.com\/ca\/wp-json\/wp\/v2\/pages"}],"about":[{"href":"https:\/\/www.fisiogestion.com\/ca\/wp-json\/wp\/v2\/types\/page"}],"author":[{"embeddable":true,"href":"https:\/\/www.fisiogestion.com\/ca\/wp-json\/wp\/v2\/users\/1"}],"replies":[{"embeddable":true,"href":"https:\/\/www.fisiogestion.com\/ca\/wp-json\/wp\/v2\/comments?post=79867"}],"version-history":[{"count":0,"href":"https:\/\/www.fisiogestion.com\/ca\/wp-json\/wp\/v2\/pages\/79867\/revisions"}],"up":[{"embeddable":true,"href":"https:\/\/www.fisiogestion.com\/ca\/wp-json\/wp\/v2\/pages\/79836"}],"wp:featuredmedia":[{"embeddable":true,"href":"https:\/\/www.fisiogestion.com\/ca\/wp-json\/wp\/v2\/media\/1229"}],"wp:attachment":[{"href":"https:\/\/www.fisiogestion.com\/ca\/wp-json\/wp\/v2\/media?parent=79867"}],"curies":[{"name":"wp","href":"https:\/\/api.w.org\/{rel}","templated":true}]}}