{"id":79859,"date":"2022-07-13T08:12:44","date_gmt":"2022-07-13T06:12:44","guid":{"rendered":"https:\/\/webtst.fisiogestion.com\/servicios-en-centros\/servicio-incontinencia-urinaria\/"},"modified":"2024-11-26T10:18:18","modified_gmt":"2024-11-26T09:18:18","slug":"incontinencia-urinaria","status":"publish","type":"page","link":"https:\/\/www.fisiogestion.com\/ca\/servicios-en-centros\/incontinencia-urinaria\/","title":{"rendered":"S\u00f2l pelvi\u00e0"},"content":{"rendered":"","protected":false},"excerpt":{"rendered":"","protected":false},"author":1,"featured_media":237325,"parent":79836,"menu_order":0,"comment_status":"closed","ping_status":"closed","template":"template-services.php","meta":{"_acf_changed":false,"inline_featured_image":false,"footnotes":""},"class_list":["post-79859","page","type-page","status-publish","has-post-thumbnail","hentry"],"acf":[],"yoast_head":"<!-- This site is optimized with the Yoast SEO plugin v27.3 - https:\/\/yoast.com\/product\/yoast-seo-wordpress\/ -->\n<title>S\u00f2l pelvi\u00e0 | Corporaci\u00f3 Fisiogesti\u00f3n<\/title>\n<meta name=\"description\" content=\"S\u00f2l pelvi\u00e0 | Corporaci\u00f3 Fisiogesti\u00f3n\" \/>\n<meta name=\"robots\" content=\"index, follow, max-snippet:-1, max-image-preview:large, max-video-preview:-1\" \/>\n<link rel=\"canonical\" href=\"https:\/\/www.fisiogestion.com\/ca\/servicios-en-centros\/incontinencia-urinaria\/\" \/>\n<meta property=\"og:locale\" content=\"ca_ES\" \/>\n<meta property=\"og:type\" content=\"article\" \/>\n<meta property=\"og:title\" content=\"S\u00f2l pelvi\u00e0 | Corporaci\u00f3 Fisiogesti\u00f3n\" \/>\n<meta property=\"og:description\" content=\"S\u00f2l pelvi\u00e0 | Corporaci\u00f3 Fisiogesti\u00f3n\" \/>\n<meta property=\"og:url\" content=\"https:\/\/www.fisiogestion.com\/ca\/servicios-en-centros\/incontinencia-urinaria\/\" \/>\n<meta property=\"og:site_name\" content=\"Corporaci\u00f3 Fisiogesti\u00f3n\" \/>\n<meta property=\"article:modified_time\" content=\"2024-11-26T09:18:18+00:00\" \/>\n<meta property=\"og:image\" content=\"https:\/\/www.fisiogestion.com\/wp-content\/uploads\/2024\/11\/close-up-female-hands-shaping-heart-belly-scaled.jpg\" \/>\n\t<meta property=\"og:image:width\" content=\"2560\" \/>\n\t<meta property=\"og:image:height\" content=\"1707\" \/>\n\t<meta property=\"og:image:type\" content=\"image\/jpeg\" \/>\n<meta name=\"twitter:card\" content=\"summary_large_image\" \/>\n<!-- \/ Yoast SEO plugin. -->","yoast_head_json":{"title":"S\u00f2l pelvi\u00e0 | Corporaci\u00f3 Fisiogesti\u00f3n","description":"S\u00f2l pelvi\u00e0 | Corporaci\u00f3 Fisiogesti\u00f3n","robots":{"index":"index","follow":"follow","max-snippet":"max-snippet:-1","max-image-preview":"max-image-preview:large","max-video-preview":"max-video-preview:-1"},"canonical":"https:\/\/www.fisiogestion.com\/ca\/servicios-en-centros\/incontinencia-urinaria\/","og_locale":"ca_ES","og_type":"article","og_title":"S\u00f2l pelvi\u00e0 | Corporaci\u00f3 Fisiogesti\u00f3n","og_description":"S\u00f2l pelvi\u00e0 | Corporaci\u00f3 Fisiogesti\u00f3n","og_url":"https:\/\/www.fisiogestion.com\/ca\/servicios-en-centros\/incontinencia-urinaria\/","og_site_name":"Corporaci\u00f3 Fisiogesti\u00f3n","article_modified_time":"2024-11-26T09:18:18+00:00","og_image":[{"width":2560,"height":1707,"url":"https:\/\/www.fisiogestion.com\/wp-content\/uploads\/2024\/11\/close-up-female-hands-shaping-heart-belly-scaled.jpg","type":"image\/jpeg"}],"twitter_card":"summary_large_image","schema":{"@context":"https:\/\/schema.org","@graph":[{"@type":"WebPage","@id":"https:\/\/www.fisiogestion.com\/ca\/servicios-en-centros\/incontinencia-urinaria\/","url":"https:\/\/www.fisiogestion.com\/ca\/servicios-en-centros\/incontinencia-urinaria\/","name":"S\u00f2l pelvi\u00e0 | Corporaci\u00f3 Fisiogesti\u00f3n","isPartOf":{"@id":"https:\/\/www.fisiogestion.com\/ca\/#website"},"primaryImageOfPage":{"@id":"https:\/\/www.fisiogestion.com\/ca\/servicios-en-centros\/incontinencia-urinaria\/#primaryimage"},"image":{"@id":"https:\/\/www.fisiogestion.com\/ca\/servicios-en-centros\/incontinencia-urinaria\/#primaryimage"},"thumbnailUrl":"https:\/\/www.fisiogestion.com\/wp-content\/uploads\/2024\/11\/close-up-female-hands-shaping-heart-belly-scaled.jpg","datePublished":"2022-07-13T06:12:44+00:00","dateModified":"2024-11-26T09:18:18+00:00","description":"S\u00f2l pelvi\u00e0 | Corporaci\u00f3 Fisiogesti\u00f3n","breadcrumb":{"@id":"https:\/\/www.fisiogestion.com\/ca\/servicios-en-centros\/incontinencia-urinaria\/#breadcrumb"},"inLanguage":"ca","potentialAction":[{"@type":"ReadAction","target":["https:\/\/www.fisiogestion.com\/ca\/servicios-en-centros\/incontinencia-urinaria\/"]}]},{"@type":"ImageObject","inLanguage":"ca","@id":"https:\/\/www.fisiogestion.com\/ca\/servicios-en-centros\/incontinencia-urinaria\/#primaryimage","url":"https:\/\/www.fisiogestion.com\/wp-content\/uploads\/2024\/11\/close-up-female-hands-shaping-heart-belly-scaled.jpg","contentUrl":"https:\/\/www.fisiogestion.com\/wp-content\/uploads\/2024\/11\/close-up-female-hands-shaping-heart-belly-scaled.jpg","width":2560,"height":1707,"caption":"Close-up of female hands shaping heart on belly outdoors. Fitness and dieting concept"},{"@type":"BreadcrumbList","@id":"https:\/\/www.fisiogestion.com\/ca\/servicios-en-centros\/incontinencia-urinaria\/#breadcrumb","itemListElement":[{"@type":"ListItem","position":1,"name":"Inici","item":"https:\/\/www.fisiogestion.com\/ca\/"},{"@type":"ListItem","position":2,"name":"Serveis al centres","item":"https:\/\/www.fisiogestion.com\/ca\/servicios-en-centros\/"},{"@type":"ListItem","position":3,"name":"S\u00f2l pelvi\u00e0"}]},{"@type":"WebSite","@id":"https:\/\/www.fisiogestion.com\/ca\/#website","url":"https:\/\/www.fisiogestion.com\/ca\/","name":"Corporaci\u00f3 Fisiogesti\u00f3n","description":"Una nova manera d&#039;entendre la rehabilitaci\u00f3 i la cura integral de les persones","publisher":{"@id":"https:\/\/www.fisiogestion.com\/ca\/#organization"},"potentialAction":[{"@type":"SearchAction","target":{"@type":"EntryPoint","urlTemplate":"https:\/\/www.fisiogestion.com\/ca\/?s={search_term_string}"},"query-input":{"@type":"PropertyValueSpecification","valueRequired":true,"valueName":"search_term_string"}}],"inLanguage":"ca"},{"@type":"Organization","@id":"https:\/\/www.fisiogestion.com\/ca\/#organization","name":"Corporaci\u00f3n Fisiogesti\u00f3n","url":"https:\/\/www.fisiogestion.com\/ca\/","logo":{"@type":"ImageObject","inLanguage":"ca","@id":"https:\/\/www.fisiogestion.com\/ca\/#\/schema\/logo\/image\/","url":"https:\/\/www.fisiogestion.com\/wp-content\/uploads\/2022\/07\/fisiogestion_logo_cast.svg","contentUrl":"https:\/\/www.fisiogestion.com\/wp-content\/uploads\/2022\/07\/fisiogestion_logo_cast.svg","width":100,"height":100,"caption":"Corporaci\u00f3n Fisiogesti\u00f3n"},"image":{"@id":"https:\/\/www.fisiogestion.com\/ca\/#\/schema\/logo\/image\/"}}]}},"_links":{"self":[{"href":"https:\/\/www.fisiogestion.com\/ca\/wp-json\/wp\/v2\/pages\/79859","targetHints":{"allow":["GET"]}}],"collection":[{"href":"https:\/\/www.fisiogestion.com\/ca\/wp-json\/wp\/v2\/pages"}],"about":[{"href":"https:\/\/www.fisiogestion.com\/ca\/wp-json\/wp\/v2\/types\/page"}],"author":[{"embeddable":true,"href":"https:\/\/www.fisiogestion.com\/ca\/wp-json\/wp\/v2\/users\/1"}],"replies":[{"embeddable":true,"href":"https:\/\/www.fisiogestion.com\/ca\/wp-json\/wp\/v2\/comments?post=79859"}],"version-history":[{"count":2,"href":"https:\/\/www.fisiogestion.com\/ca\/wp-json\/wp\/v2\/pages\/79859\/revisions"}],"predecessor-version":[{"id":237330,"href":"https:\/\/www.fisiogestion.com\/ca\/wp-json\/wp\/v2\/pages\/79859\/revisions\/237330"}],"up":[{"embeddable":true,"href":"https:\/\/www.fisiogestion.com\/ca\/wp-json\/wp\/v2\/pages\/79836"}],"wp:featuredmedia":[{"embeddable":true,"href":"https:\/\/www.fisiogestion.com\/ca\/wp-json\/wp\/v2\/media\/237325"}],"wp:attachment":[{"href":"https:\/\/www.fisiogestion.com\/ca\/wp-json\/wp\/v2\/media?parent=79859"}],"curies":[{"name":"wp","href":"https:\/\/api.w.org\/{rel}","templated":true}]}}