{"id":79836,"date":"2022-07-07T08:27:21","date_gmt":"2022-07-07T06:27:21","guid":{"rendered":"https:\/\/webtst.fisiogestion.com\/servicios-en-centros\/"},"modified":"2023-01-23T18:19:56","modified_gmt":"2023-01-23T17:19:56","slug":"servicios-en-centros","status":"publish","type":"page","link":"https:\/\/www.fisiogestion.com\/ca\/servicios-en-centros\/","title":{"rendered":"Serveis al centres"},"content":{"rendered":"<p>En els nostres centres de <strong>rehabilitaci\u00f3 i fisioter\u00e0pia<\/strong>\u00a0oferim un ampli ventall de serveis relacionats amb la salut i el benestar.<\/p>\n<p>Fisioter\u00e0pia, Abdominals Hipopressius, Pilates, Osteopatia, etc.<\/p>\n<p>Aqu\u00ed et detallem totes les ter\u00e0pies que oferim en els nostres <a href=\"https:\/\/www.fisiogestion.com\/ca\/centros\/\">m\u00e9s de 30 espais<\/a> repartits per diverses comunitats aut\u00f2nomes: Catalunya, Madrid, Castella i Lle\u00f3, Ast\u00faries i Balears\u2026<\/p>\n","protected":false},"excerpt":{"rendered":"<p>En els nostres centres de rehabilitaci\u00f3 i fisioter\u00e0pia\u00a0oferim un ampli ventall de serveis relacionats amb la salut i el benestar. Fisioter\u00e0pia, Abdominals Hipopressius, Pilates, Osteopatia, etc. Aqu\u00ed et detallem totes les ter\u00e0pies que oferim en els nostres m\u00e9s de 30 espais repartits per diverses comunitats aut\u00f2nomes: Catalunya, Madrid, Castella i Lle\u00f3, Ast\u00faries i Balears\u2026<\/p>\n","protected":false},"author":1,"featured_media":0,"parent":0,"menu_order":0,"comment_status":"closed","ping_status":"closed","template":"template-archive-services.php","meta":{"_acf_changed":false,"inline_featured_image":false,"footnotes":""},"class_list":["post-79836","page","type-page","status-publish","hentry"],"acf":[],"yoast_head":"<!-- This site is optimized with the Yoast SEO plugin v27.3 - https:\/\/yoast.com\/product\/yoast-seo-wordpress\/ -->\n<title>Serveis al centres | Corporaci\u00f3 Fisiogesti\u00f3n<\/title>\n<meta name=\"description\" content=\"Serveis al centres | Corporaci\u00f3 Fisiogesti\u00f3n\" \/>\n<meta name=\"robots\" content=\"index, follow, max-snippet:-1, max-image-preview:large, max-video-preview:-1\" \/>\n<link rel=\"canonical\" href=\"https:\/\/www.fisiogestion.com\/ca\/servicios-en-centros\/\" \/>\n<meta property=\"og:locale\" content=\"ca_ES\" \/>\n<meta property=\"og:type\" content=\"article\" \/>\n<meta property=\"og:title\" content=\"Serveis al centres | Corporaci\u00f3 Fisiogesti\u00f3n\" \/>\n<meta property=\"og:description\" content=\"Serveis al centres | Corporaci\u00f3 Fisiogesti\u00f3n\" \/>\n<meta property=\"og:url\" content=\"https:\/\/www.fisiogestion.com\/ca\/servicios-en-centros\/\" \/>\n<meta property=\"og:site_name\" content=\"Corporaci\u00f3 Fisiogesti\u00f3n\" \/>\n<meta property=\"article:modified_time\" content=\"2023-01-23T17:19:56+00:00\" \/>\n<meta name=\"twitter:card\" content=\"summary_large_image\" \/>\n<!-- \/ Yoast SEO plugin. -->","yoast_head_json":{"title":"Serveis al centres | Corporaci\u00f3 Fisiogesti\u00f3n","description":"Serveis al centres | Corporaci\u00f3 Fisiogesti\u00f3n","robots":{"index":"index","follow":"follow","max-snippet":"max-snippet:-1","max-image-preview":"max-image-preview:large","max-video-preview":"max-video-preview:-1"},"canonical":"https:\/\/www.fisiogestion.com\/ca\/servicios-en-centros\/","og_locale":"ca_ES","og_type":"article","og_title":"Serveis al centres | Corporaci\u00f3 Fisiogesti\u00f3n","og_description":"Serveis al centres | Corporaci\u00f3 Fisiogesti\u00f3n","og_url":"https:\/\/www.fisiogestion.com\/ca\/servicios-en-centros\/","og_site_name":"Corporaci\u00f3 Fisiogesti\u00f3n","article_modified_time":"2023-01-23T17:19:56+00:00","twitter_card":"summary_large_image","schema":{"@context":"https:\/\/schema.org","@graph":[{"@type":"WebPage","@id":"https:\/\/www.fisiogestion.com\/ca\/servicios-en-centros\/","url":"https:\/\/www.fisiogestion.com\/ca\/servicios-en-centros\/","name":"Serveis al centres | Corporaci\u00f3 Fisiogesti\u00f3n","isPartOf":{"@id":"https:\/\/www.fisiogestion.com\/ca\/#website"},"datePublished":"2022-07-07T06:27:21+00:00","dateModified":"2023-01-23T17:19:56+00:00","description":"Serveis al centres | Corporaci\u00f3 Fisiogesti\u00f3n","breadcrumb":{"@id":"https:\/\/www.fisiogestion.com\/ca\/servicios-en-centros\/#breadcrumb"},"inLanguage":"ca","potentialAction":[{"@type":"ReadAction","target":["https:\/\/www.fisiogestion.com\/ca\/servicios-en-centros\/"]}]},{"@type":"BreadcrumbList","@id":"https:\/\/www.fisiogestion.com\/ca\/servicios-en-centros\/#breadcrumb","itemListElement":[{"@type":"ListItem","position":1,"name":"Inici","item":"https:\/\/www.fisiogestion.com\/ca\/"},{"@type":"ListItem","position":2,"name":"Serveis al centres"}]},{"@type":"WebSite","@id":"https:\/\/www.fisiogestion.com\/ca\/#website","url":"https:\/\/www.fisiogestion.com\/ca\/","name":"Corporaci\u00f3 Fisiogesti\u00f3n","description":"Una nova manera d&#039;entendre la rehabilitaci\u00f3 i la cura integral de les persones","publisher":{"@id":"https:\/\/www.fisiogestion.com\/ca\/#organization"},"potentialAction":[{"@type":"SearchAction","target":{"@type":"EntryPoint","urlTemplate":"https:\/\/www.fisiogestion.com\/ca\/?s={search_term_string}"},"query-input":{"@type":"PropertyValueSpecification","valueRequired":true,"valueName":"search_term_string"}}],"inLanguage":"ca"},{"@type":"Organization","@id":"https:\/\/www.fisiogestion.com\/ca\/#organization","name":"Corporaci\u00f3n Fisiogesti\u00f3n","url":"https:\/\/www.fisiogestion.com\/ca\/","logo":{"@type":"ImageObject","inLanguage":"ca","@id":"https:\/\/www.fisiogestion.com\/ca\/#\/schema\/logo\/image\/","url":"https:\/\/www.fisiogestion.com\/wp-content\/uploads\/2022\/07\/fisiogestion_logo_cast.svg","contentUrl":"https:\/\/www.fisiogestion.com\/wp-content\/uploads\/2022\/07\/fisiogestion_logo_cast.svg","width":100,"height":100,"caption":"Corporaci\u00f3n Fisiogesti\u00f3n"},"image":{"@id":"https:\/\/www.fisiogestion.com\/ca\/#\/schema\/logo\/image\/"}}]}},"_links":{"self":[{"href":"https:\/\/www.fisiogestion.com\/ca\/wp-json\/wp\/v2\/pages\/79836","targetHints":{"allow":["GET"]}}],"collection":[{"href":"https:\/\/www.fisiogestion.com\/ca\/wp-json\/wp\/v2\/pages"}],"about":[{"href":"https:\/\/www.fisiogestion.com\/ca\/wp-json\/wp\/v2\/types\/page"}],"author":[{"embeddable":true,"href":"https:\/\/www.fisiogestion.com\/ca\/wp-json\/wp\/v2\/users\/1"}],"replies":[{"embeddable":true,"href":"https:\/\/www.fisiogestion.com\/ca\/wp-json\/wp\/v2\/comments?post=79836"}],"version-history":[{"count":0,"href":"https:\/\/www.fisiogestion.com\/ca\/wp-json\/wp\/v2\/pages\/79836\/revisions"}],"wp:attachment":[{"href":"https:\/\/www.fisiogestion.com\/ca\/wp-json\/wp\/v2\/media?parent=79836"}],"curies":[{"name":"wp","href":"https:\/\/api.w.org\/{rel}","templated":true}]}}