{"id":79758,"date":"2022-07-13T11:25:59","date_gmt":"2022-07-13T11:25:59","guid":{"rendered":"https:\/\/webtst.fisiogestion.com\/aviso-legal\/"},"modified":"2022-07-18T18:03:18","modified_gmt":"2022-07-18T18:03:18","slug":"aviso-legal","status":"publish","type":"page","link":"https:\/\/www.fisiogestion.com\/ca\/aviso-legal\/","title":{"rendered":"Avis Legal"},"content":{"rendered":"<h2>Informaci\u00f3 General<\/h2>\n<p>D\u2019acord amb l\u2019article 10 de la Llei 34\/2002, de 11 de juliol, de serveis de la societat de la informaci\u00f3 i de comer\u00e7 electr\u00f2nic, s\u2019informa a l\u2019usuari que Corporaci\u00f3 Fisiogesti\u00f3n posa a disposici\u00f3 aquesta web amb l\u2019objectiu de donar a con\u00e8ixer tots els seus productes i serveis.<\/p>\n<p>El responsable d\u2019aquesta WEB \u00e9s Corporaci\u00f3n de Administraci\u00f3n Sanitaria, AIE amb NIF V-62831177 i domicili a carrer Casp, 79, 5a Planta, inscrita en el Registre Mercantil de Barcelona, en el Tomo 34729, Folio 1, Hoja B 256360, Inscripci\u00f3n 1. Qualsevol usuari que desitgi posar-se en contacte amb nosaltres pot fer-ho al Carrer Casp, 79, 5a planta, 08013 de Barcelona o mitjan\u00e7ant correu electr\u00f2nic a <a href=\"mailto:juridic@fisiogestion.com\">juridic@fisiogestion.com<\/a> o tel\u00e8fon al 93\/513.16.90.<\/p>\n<h2>Condicions generals d&#8217;us<\/h2>\n<p>Tota persona que accedeixi a aquest web assumeix el seu paper d\u2019usuari i el compromet al compliment de les condicions aqu\u00ed disposades, aix\u00ed com qualsevol altra disposici\u00f3 legal que sigui d\u2019aplicaci\u00f3. Per aix\u00f2 us convidem a revisar el present text, aix\u00ed com la nostra\u00a0<strong><a href=\"https:\/\/www.fisiogestion.com\/ca\/politica-privacidad\/\">Pol\u00edtica de Privacitat<\/a><\/strong>.<\/p>\n<p><strong><em>Continguts<\/em><\/strong><\/p>\n<p>Aquesta web t\u00e9 per objectiu donar a con\u00e8ixer les activitats i els serveis que presta Corporaci\u00f3 Fisiogesti\u00f3n. Ens reservem el dret de fer, en qualsevol moment i sense previ av\u00eds, modificaci\u00f3 dels seus Continguts. La informaci\u00f3 que cont\u00e9 aquesta web \u00e9s de car\u00e0cter divulgatiu i en cap cas pret\u00e9n ser un substitutiu de cap prescripci\u00f3 assistencial. Cap dels Continguts t\u00e9 com a finalitat ser emprat per a diagn\u00f2stic o tractament i per tant, Corporaci\u00f3 Fisiogesti\u00f3n no assumir\u00e0 cap responsabilitat sobre l\u2019\u00fas inadequat dels Continguts del seu lloc web.<\/p>\n<p><strong><em>Enlla\u00e7os<\/em><\/strong><\/p>\n<p>El responsable del lloc web posa enlla\u00e7os a disposici\u00f3 dels usuaris per facilitar la recerca i l\u2019acc\u00e9s a la informaci\u00f3, serveis i altres continguts rellevants disponibles a Internet. Els enlla\u00e7os o links habilitats en aquest lloc web poden conduir l\u2019usuari a altres llocs i p\u00e0gines web gestionades per tercers, sobre els quals el responsable del lloc web no exerceix cap tipus de control.<\/p>\n<p>El responsable del lloc web no assumeix cap deure de vigilar ni de verificar les informacions o continguts dels altres llocs web als quals pugui accedir per mitj\u00e0 dels enlla\u00e7os existents en aquell. No obstant aix\u00f2, assumeix exclusivament el deure de suprimir del lloc web, amb la major brevetat possible, les informacions, continguts o serveis que no es corresponguin amb la realitat, o puguin induir a error o causar dany a l\u2019usuari.<\/p>\n<p><strong><em>Codi de Conducta o Tercer de Confian\u00e7a<\/em><\/strong><\/p>\n<p>El responsable del web es troba adherit al codi de conducta de la\u00a0<strong><a href=\"https:\/\/www.uch.cat\/fundacio-unio\/cartera-de-serveis\/codi-tipus-i-proteccio-de-dades\/entitats-adherides.html\" target=\"_blank\" rel=\"noopener\"><u>Uni\u00f3 Catalana d\u2019Hospitals<\/u><\/a><\/strong>.<\/p>\n<p><strong><em>Exclusi\u00f3 de garanties i responsabilitat:<\/em><\/strong><\/p>\n<p>Corporaci\u00f3 Fisiogestion s\u2019eximeix de qualsevol responsabilitat derivada de la informaci\u00f3 publicada en la seva WEB, sempre que aquesta informaci\u00f3 hagi estat manipulada o introdu\u00efda per un tercer ali\u00e8 a aquest. Des d\u2019aquesta web es pot redirigir l\u2019usuari a continguts de tercers aliens a la mateixa i dels quals, at\u00e8s que el responsable del lloc web no pot controlar sempre els continguts introdu\u00efts pels tercers en els seus llocs web, no assumeix cap tipus de responsabilitat al respecte.<\/p>\n<p>Corporaci\u00f3 Fisiogestion no es fa responsable de la informaci\u00f3 i continguts emmagatzemats, a t\u00edtol enunciatiu per\u00f2 no limitatiu, en f\u00f2rums, xats, generadors de blogs, comentaris, xarxes socials o qualsevol altre mitj\u00e0 que permeti a tercers publicar continguts de forma independent en el lloc web del responsable del lloc web. No obstant aix\u00f2 i en compliment del que disposen els articles 11 i 16 de la LSSICE, el responsable del lloc web es posa a disposici\u00f3 de tots els usuaris, autoritats i forces de seguretat, i col\u00b7laborant de forma activa en la retirada o, si s\u2019escau bloqueig de tots aquells continguts que puguin afectar o contravenir la legislaci\u00f3 nacional, o internacional, drets de tercers o la moral i l\u2019ordre p\u00fablic.<\/p>\n<p><strong><em>Propietat Intel\u00b7lectual:<\/em><\/strong><\/p>\n<p>Queden reservats tots els drets d\u2019explotaci\u00f3. Aquest lloc web es regeix per les lleis espanyoles, i es troba protegit per la legislaci\u00f3 nacional i internacional sobre propietat intel\u00b7lectual i industrial. Independentment de la finalitat perqu\u00e8 fossin destinats, la reproducci\u00f3 total o parcial, \u00fas, explotaci\u00f3, distribuci\u00f3 i comercialitzaci\u00f3, requereix en tot cas de l\u2019autoritzaci\u00f3 escrita pr\u00e8via per part de Corporaci\u00f3n Fisiogestion en tant que responsable del lloc web.<\/p>\n<p>Qualsevol \u00fas no autoritzat pr\u00e8viament ser\u00e0 considerat un incompliment greu dels drets de propietat intel\u00b7lectual i industrial del autor. Els dissenys, logotips, text i\/o gr\u00e0fics aliens al prestador i que poguessin apar\u00e8ixer en el lloc web, pertanyen als seus respectius propietaris, sent ells mateixos responsables de qualsevol possible controv\u00e8rsia que pogu\u00e9s sorgir respecte als mateixos.<\/p>\n<p>El usuari del lloc web s\u2019haur\u00e0 d\u2019abstenir en tot cas de suprimir, alterar, eludir o manipular qualsevol dispositiu de protecci\u00f3 o sistemes de seguretat que puguin estar instal\u00b7lats en el mateix. Per realitzar qualsevol tipus d\u2019observaci\u00f3 respecte a possibles incompliments dels drets de propietat intel\u00b7lectual o industrial, aix\u00ed com sobre qualsevol dels continguts del lloc web, pot fer-ho a trav\u00e9s del seg\u00fcent correu electr\u00f2nic:\u00a0<strong><a href=\"mailto:juridic@fisiogestion.com\">juridic@fisiogestion.com<\/a><\/strong><\/p>\n<hr \/>\n<p><em>Darrera actualitzaci\u00f3: Febrer 2019<\/em><\/p>\n","protected":false},"excerpt":{"rendered":"<p>Informaci\u00f3 General D\u2019acord amb l\u2019article 10 de la Llei 34\/2002, de 11 de juliol, de serveis de la societat de la informaci\u00f3 i de comer\u00e7 electr\u00f2nic, s\u2019informa a l\u2019usuari que Corporaci\u00f3 Fisiogesti\u00f3n posa a disposici\u00f3 aquesta web amb l\u2019objectiu de donar a con\u00e8ixer tots els seus productes i serveis. El responsable d\u2019aquesta WEB \u00e9s Corporaci\u00f3n [&hellip;]<\/p>\n","protected":false},"author":1,"featured_media":0,"parent":0,"menu_order":0,"comment_status":"closed","ping_status":"closed","template":"","meta":{"_acf_changed":false,"inline_featured_image":false,"footnotes":""},"class_list":["post-79758","page","type-page","status-publish","hentry"],"acf":[],"yoast_head":"<!-- This site is optimized with the Yoast SEO plugin v27.3 - https:\/\/yoast.com\/product\/yoast-seo-wordpress\/ -->\n<title>Avis Legal | Corporaci\u00f3 Fisiogesti\u00f3n<\/title>\n<meta name=\"description\" content=\"Avis Legal | Corporaci\u00f3 Fisiogesti\u00f3n\" \/>\n<meta name=\"robots\" content=\"index, follow, max-snippet:-1, max-image-preview:large, max-video-preview:-1\" \/>\n<link rel=\"canonical\" href=\"https:\/\/www.fisiogestion.com\/ca\/aviso-legal\/\" \/>\n<meta property=\"og:locale\" content=\"ca_ES\" \/>\n<meta property=\"og:type\" content=\"article\" \/>\n<meta property=\"og:title\" content=\"Avis Legal | Corporaci\u00f3 Fisiogesti\u00f3n\" \/>\n<meta property=\"og:description\" content=\"Avis Legal | Corporaci\u00f3 Fisiogesti\u00f3n\" \/>\n<meta property=\"og:url\" content=\"https:\/\/www.fisiogestion.com\/ca\/aviso-legal\/\" \/>\n<meta property=\"og:site_name\" content=\"Corporaci\u00f3 Fisiogesti\u00f3n\" \/>\n<meta property=\"article:modified_time\" content=\"2022-07-18T18:03:18+00:00\" \/>\n<meta name=\"twitter:card\" content=\"summary_large_image\" \/>\n<!-- \/ Yoast SEO plugin. -->","yoast_head_json":{"title":"Avis Legal | Corporaci\u00f3 Fisiogesti\u00f3n","description":"Avis Legal | Corporaci\u00f3 Fisiogesti\u00f3n","robots":{"index":"index","follow":"follow","max-snippet":"max-snippet:-1","max-image-preview":"max-image-preview:large","max-video-preview":"max-video-preview:-1"},"canonical":"https:\/\/www.fisiogestion.com\/ca\/aviso-legal\/","og_locale":"ca_ES","og_type":"article","og_title":"Avis Legal | Corporaci\u00f3 Fisiogesti\u00f3n","og_description":"Avis Legal | Corporaci\u00f3 Fisiogesti\u00f3n","og_url":"https:\/\/www.fisiogestion.com\/ca\/aviso-legal\/","og_site_name":"Corporaci\u00f3 Fisiogesti\u00f3n","article_modified_time":"2022-07-18T18:03:18+00:00","twitter_card":"summary_large_image","schema":{"@context":"https:\/\/schema.org","@graph":[{"@type":"WebPage","@id":"https:\/\/www.fisiogestion.com\/ca\/aviso-legal\/","url":"https:\/\/www.fisiogestion.com\/ca\/aviso-legal\/","name":"Avis Legal | Corporaci\u00f3 Fisiogesti\u00f3n","isPartOf":{"@id":"https:\/\/www.fisiogestion.com\/ca\/#website"},"datePublished":"2022-07-13T11:25:59+00:00","dateModified":"2022-07-18T18:03:18+00:00","description":"Avis Legal | Corporaci\u00f3 Fisiogesti\u00f3n","breadcrumb":{"@id":"https:\/\/www.fisiogestion.com\/ca\/aviso-legal\/#breadcrumb"},"inLanguage":"ca","potentialAction":[{"@type":"ReadAction","target":["https:\/\/www.fisiogestion.com\/ca\/aviso-legal\/"]}]},{"@type":"BreadcrumbList","@id":"https:\/\/www.fisiogestion.com\/ca\/aviso-legal\/#breadcrumb","itemListElement":[{"@type":"ListItem","position":1,"name":"Inici","item":"https:\/\/www.fisiogestion.com\/ca\/"},{"@type":"ListItem","position":2,"name":"Avis Legal"}]},{"@type":"WebSite","@id":"https:\/\/www.fisiogestion.com\/ca\/#website","url":"https:\/\/www.fisiogestion.com\/ca\/","name":"Corporaci\u00f3 Fisiogesti\u00f3n","description":"Una nova manera d&#039;entendre la rehabilitaci\u00f3 i la cura integral de les persones","publisher":{"@id":"https:\/\/www.fisiogestion.com\/ca\/#organization"},"potentialAction":[{"@type":"SearchAction","target":{"@type":"EntryPoint","urlTemplate":"https:\/\/www.fisiogestion.com\/ca\/?s={search_term_string}"},"query-input":{"@type":"PropertyValueSpecification","valueRequired":true,"valueName":"search_term_string"}}],"inLanguage":"ca"},{"@type":"Organization","@id":"https:\/\/www.fisiogestion.com\/ca\/#organization","name":"Corporaci\u00f3n Fisiogesti\u00f3n","url":"https:\/\/www.fisiogestion.com\/ca\/","logo":{"@type":"ImageObject","inLanguage":"ca","@id":"https:\/\/www.fisiogestion.com\/ca\/#\/schema\/logo\/image\/","url":"https:\/\/www.fisiogestion.com\/wp-content\/uploads\/2022\/07\/fisiogestion_logo_cast.svg","contentUrl":"https:\/\/www.fisiogestion.com\/wp-content\/uploads\/2022\/07\/fisiogestion_logo_cast.svg","width":100,"height":100,"caption":"Corporaci\u00f3n Fisiogesti\u00f3n"},"image":{"@id":"https:\/\/www.fisiogestion.com\/ca\/#\/schema\/logo\/image\/"}}]}},"_links":{"self":[{"href":"https:\/\/www.fisiogestion.com\/ca\/wp-json\/wp\/v2\/pages\/79758","targetHints":{"allow":["GET"]}}],"collection":[{"href":"https:\/\/www.fisiogestion.com\/ca\/wp-json\/wp\/v2\/pages"}],"about":[{"href":"https:\/\/www.fisiogestion.com\/ca\/wp-json\/wp\/v2\/types\/page"}],"author":[{"embeddable":true,"href":"https:\/\/www.fisiogestion.com\/ca\/wp-json\/wp\/v2\/users\/1"}],"replies":[{"embeddable":true,"href":"https:\/\/www.fisiogestion.com\/ca\/wp-json\/wp\/v2\/comments?post=79758"}],"version-history":[{"count":0,"href":"https:\/\/www.fisiogestion.com\/ca\/wp-json\/wp\/v2\/pages\/79758\/revisions"}],"wp:attachment":[{"href":"https:\/\/www.fisiogestion.com\/ca\/wp-json\/wp\/v2\/media?parent=79758"}],"curies":[{"name":"wp","href":"https:\/\/api.w.org\/{rel}","templated":true}]}}