{"id":79754,"date":"2022-06-23T10:09:35","date_gmt":"2022-06-23T10:09:35","guid":{"rendered":"https:\/\/webtst.fisiogestion.com\/politica-privacidad\/"},"modified":"2022-07-19T15:48:31","modified_gmt":"2022-07-19T15:48:31","slug":"politica-privacidad","status":"publish","type":"page","link":"https:\/\/www.fisiogestion.com\/ca\/politica-privacidad\/","title":{"rendered":"Politica de privacitat"},"content":{"rendered":"<h2>Qui \u00e9s el responsable del tractament de les dades que ens faciliti per aquesta WEB?<\/h2>\n<p><strong>\u00a0<\/strong><strong>CORPORACI\u00d3N DE ADMINISTRACI\u00d3N SANITARIA, AIE<\/strong><\/p>\n<p><strong>Domicili Social:<\/strong>\u00a0C\/ Casp, 79, 5a Planta, 08013 Barcelona<br \/>\n<strong>NIF:<\/strong>\u00a0V-62831177<br \/>\n<strong>Tel\u00e8fon:<\/strong>\u00a093 513 16 90<br \/>\n<strong>Correu electr\u00f2nic:<\/strong>\u00a0<a href=\"mailto:juridic@fisiogestion.com\">juridic@fisiogestion.com<\/a><\/p>\n<h2><strong>Quines dades obtenim, amb quina finalitat i durant quant de temps?<\/strong><\/h2>\n<p><strong>1.\u00a0A trav\u00e9s de la seva navegaci\u00f3 WEB<\/strong><\/p>\n<p style=\"padding-left: 40px;\"><strong>Finalitat:\u00a0<\/strong>Millorar la nostra WEB i els productes o serveis que oferim, a trav\u00e9s de la informaci\u00f3 recollida de la seva navegaci\u00f3 per la nostra p\u00e0gina.<br \/>\n<strong>Dades recollides:\u00a0<\/strong>Tipus de navegador utilitzat, tipus de sistema operatiu i la seva adre\u00e7a IP.<br \/>\n<strong>Temps de conservaci\u00f3:<\/strong>\u00a0per un per\u00edode m\u00e0xim d\u2019un any.<br \/>\n<strong>Legitimaci\u00f3:<\/strong>\u00a0Consentiment, acceptaci\u00f3 de la\u00a0<a href=\"https:\/\/www.fisiogestion.com\/ca\/politica-de-cookies\/\" target=\"_blank\" rel=\"noopener noreferrer\"><strong>Pol\u00edtica de cookies<\/strong><\/a>.<\/p>\n<p><strong>2.\u00a0<\/strong><strong>A trav\u00e9s de l\u2019apartat \u201cContacte\u201d<\/strong><\/p>\n<p style=\"padding-left: 40px;\"><strong>Finalitat:\u00a0\u00a0<\/strong>Atendre i facilitar la informaci\u00f3 adequada per la consulta de l\u2019interessat.<br \/>\n<strong>Dades recollides:\u00a0<\/strong>Nom, correu electr\u00f2nic i tel\u00e8fon de contacte i centre assistencial de refer\u00e8ncia.<br \/>\n<strong>Temps de conservaci\u00f3:<\/strong>\u00a0per un per\u00edode m\u00e0xim d\u2019un mes.<br \/>\n<strong>Legitimaci\u00f3:<\/strong>\u00a0La base legal per tractar les seves dades \u00e9s el seu consentiment expl\u00edcit donat a trav\u00e9s de l\u2019enviament del formulari.<\/p>\n<p><strong>3. A trav\u00e9s de l\u2019apartat \u201cTreballa amb Nosaltres\u201d<\/strong><\/p>\n<p style=\"padding-left: 40px;\"><strong>Finalitat: <\/strong>Gestionar la seva candidatura en els processos de selecci\u00f3 de futures vacants que puguin produir-se a les entitats de la Corporaci\u00f3 Fisiogesti\u00f3n.<br \/>\n<strong>Dades recollides:\u00a0<\/strong>Nom complet, correu electr\u00f2nic i tel\u00e8fon de contacte, localitat de resid\u00e8ncia i codi postal, formaci\u00f3 acad\u00e8mica i professi\u00f3. A m\u00e9s, del CV a trav\u00e9s del camp habilitat.<br \/>\n<strong>Temps de conservaci\u00f3:<\/strong>\u00a0per un per\u00edode m\u00e0xim de sis mesos.<br \/>\n<strong>Legitimaci\u00f3:<\/strong>\u00a0La base legal per tractar les seves dades \u00e9s el seu consentiment expl\u00edcit donat a trav\u00e9s de l\u2019enviament del formulari.<\/p>\n<p><strong>4. E-commerce<\/strong><\/p>\n<p><strong>Finalitat:\u00a0\u00a0<\/strong>Gestionar la seva compra, el seu pagament i la facturaci\u00f3 del producte i\/o servei.<br \/>\n<strong>Dades recollides:\u00a0<\/strong>Dades identificatives, econ\u00f2miques i de contacte.<br \/>\n<strong>Temps de conservaci\u00f3:<\/strong>\u00a0per un per\u00edode de cinc anys per imperatiu legal.<br \/>\n<strong>Legitimaci\u00f3:<\/strong>\u00a0La base legal per tractar les seves dades \u00e9s el seu consentiment expl\u00edcit donat a trav\u00e9s de l\u2019enviament del formulari.<\/p>\n<h2>Quin tractament fem de les dades personals?<\/h2>\n<p><strong>\u00a0<\/strong>Corporaci\u00f3 Fisiogesti\u00f3n \u00e9s conscient de la import\u00e0ncia de complir amb la normativa en vigor en mat\u00e8ria de privacitat i protecci\u00f3 de dades i de garantir, implantant les mesures t\u00e8cniques i organitzatives adients, un bon nivell de seguretat en el tractament que es fa de les dades que ens proporcionen els nostres pacients, usuaris i prove\u00efdors.<\/p>\n<p>En aquest sentit, totes les entitats que conformen la Corporaci\u00f3 Fisiogesti\u00f3n estan adherides al\u00a0<a href=\"https:\/\/www.uch.cat\/codi-tipus.html\" target=\"_blank\" rel=\"noopener noreferrer\"><strong>Codi Tipus<\/strong><\/a>\u00a0de la Uni\u00f3 Catalana d\u2019Hospitals, reglament que volunt\u00e0riament s\u2019autoimposen les entitats i que recull els criteris i les condicions exigides per tal d\u2019establir unes bones pr\u00e0ctiques orientades a garantir est\u00e0ndards de refer\u00e8ncia en el tractament de dades de car\u00e0cter personal en relaci\u00f3 amb la salut de les persones.<\/p>\n<h2>A qui comunicarem les teves dades?<\/h2>\n<p><strong>\u00a0<\/strong>En cap cas les teves dades seran comunicades a empreses externes a la Corporaci\u00f3 Fisiogesti\u00f3n ni seran utilitzades amb cap altra finalitat diferent d\u2019aquella per a les que van ser recollides, ni transferides a pa\u00efsos tercers ni organitzacions internacionals.<\/p>\n<h2>Quins drets tinc sobre les meves dades personals?<\/h2>\n<p><strong>\u00a0<\/strong>Qualsevol interessat t\u00e9 dret a decidir sobre les seves dades i t\u00e9 la possibilitat de realitzar un control actiu sobre l\u2019\u00fas que es fa d\u2019elles. Per fer-ho la legislaci\u00f3 vigent en mat\u00e8ria de Protecci\u00f3 de Dades ha posat a la seva disposici\u00f3 l\u2019exercici dels seg\u00fcents drets:<\/p>\n<ul>\n<li>Dret a accedir a les seves dades o a la informaci\u00f3 que es t\u00e9 d\u2019elles.<\/li>\n<li>Dret a la rectificaci\u00f3 o supressi\u00f3 de les seves dades.<\/li>\n<li>En determinades circumst\u00e0ncies, dret a limitar o oposar-se al seu tractament.<\/li>\n<li>Dret a sol\u00b7licitar la portabilitat de les dades facilitades a un altre responsable de tractament, quan t\u00e8cnicament sigui possible.<\/li>\n<li>Dret a no ser objecte d\u2019una decisi\u00f3 basada \u00fanicament en el tractament automatitzat de les teves dades personals.<\/li>\n<li>Dret a revocar el consentiment prestat.<\/li>\n<\/ul>\n<p>I en cas que l\u2019interessat no estigu\u00e9s d\u2019acord amb qualsevol tractament realitzat sobre les seves dades personals o considerar que han estat vulnerats els seus drets, podr\u00e0 dirigir-se a l\u2019Ag\u00e8ncia Espanyola de Protecci\u00f3 de Dades i presentar una reclamaci\u00f3.<\/p>\n<h2><strong>On puc adre\u00e7ar-me per a qualsevol dubte sobre el tractament que Corporaci\u00f3 Fisiogesti\u00f3n fa de les meves dades o per exercir els meus drets sobre ells?<\/strong><\/h2>\n<p><strong>\u00a0<\/strong>Per a qualsevol informaci\u00f3 en relaci\u00f3 amb el tractament que fa de les seves dades personals Corporaci\u00f3 Fisiogesti\u00f3n pot contactar amb el seu\u00a0<strong>Delegat de Protecci\u00f3 de Dades<\/strong>\u00a0en la seg\u00fcent adre\u00e7a de correu electr\u00f2nic\u00a0<a href=\"mailto:dpd@fisiogestion.com\"><strong>dpd@fisiogestion.com<\/strong><\/a><\/p>\n<hr \/>\n<p>Darrera actualitzaci\u00f3: febrer 2019<\/p>\n","protected":false},"excerpt":{"rendered":"<p>Qui \u00e9s el responsable del tractament de les dades que ens faciliti per aquesta WEB? \u00a0CORPORACI\u00d3N DE ADMINISTRACI\u00d3N SANITARIA, AIE Domicili Social:\u00a0C\/ Casp, 79, 5a Planta, 08013 Barcelona NIF:\u00a0V-62831177 Tel\u00e8fon:\u00a093 513 16 90 Correu electr\u00f2nic:\u00a0juridic@fisiogestion.com Quines dades obtenim, amb quina finalitat i durant quant de temps? 1.\u00a0A trav\u00e9s de la seva navegaci\u00f3 WEB Finalitat:\u00a0Millorar la [&hellip;]<\/p>\n","protected":false},"author":1,"featured_media":0,"parent":0,"menu_order":0,"comment_status":"closed","ping_status":"closed","template":"","meta":{"_acf_changed":false,"inline_featured_image":false,"footnotes":""},"class_list":["post-79754","page","type-page","status-publish","hentry"],"acf":[],"yoast_head":"<!-- This site is optimized with the Yoast SEO plugin v27.3 - https:\/\/yoast.com\/product\/yoast-seo-wordpress\/ -->\n<title>Politica de privacitat | Corporaci\u00f3 Fisiogesti\u00f3n<\/title>\n<meta name=\"description\" content=\"Politica de privacitat | Corporaci\u00f3 Fisiogesti\u00f3n\" \/>\n<meta name=\"robots\" content=\"index, follow, max-snippet:-1, max-image-preview:large, max-video-preview:-1\" \/>\n<link rel=\"canonical\" href=\"https:\/\/www.fisiogestion.com\/ca\/politica-privacidad\/\" \/>\n<meta property=\"og:locale\" content=\"ca_ES\" \/>\n<meta property=\"og:type\" content=\"article\" \/>\n<meta property=\"og:title\" content=\"Politica de privacitat | Corporaci\u00f3 Fisiogesti\u00f3n\" \/>\n<meta property=\"og:description\" content=\"Politica de privacitat | Corporaci\u00f3 Fisiogesti\u00f3n\" \/>\n<meta property=\"og:url\" content=\"https:\/\/www.fisiogestion.com\/ca\/politica-privacidad\/\" \/>\n<meta property=\"og:site_name\" content=\"Corporaci\u00f3 Fisiogesti\u00f3n\" \/>\n<meta property=\"article:modified_time\" content=\"2022-07-19T15:48:31+00:00\" \/>\n<meta name=\"twitter:card\" content=\"summary_large_image\" \/>\n<!-- \/ Yoast SEO plugin. -->","yoast_head_json":{"title":"Politica de privacitat | Corporaci\u00f3 Fisiogesti\u00f3n","description":"Politica de privacitat | Corporaci\u00f3 Fisiogesti\u00f3n","robots":{"index":"index","follow":"follow","max-snippet":"max-snippet:-1","max-image-preview":"max-image-preview:large","max-video-preview":"max-video-preview:-1"},"canonical":"https:\/\/www.fisiogestion.com\/ca\/politica-privacidad\/","og_locale":"ca_ES","og_type":"article","og_title":"Politica de privacitat | Corporaci\u00f3 Fisiogesti\u00f3n","og_description":"Politica de privacitat | Corporaci\u00f3 Fisiogesti\u00f3n","og_url":"https:\/\/www.fisiogestion.com\/ca\/politica-privacidad\/","og_site_name":"Corporaci\u00f3 Fisiogesti\u00f3n","article_modified_time":"2022-07-19T15:48:31+00:00","twitter_card":"summary_large_image","schema":{"@context":"https:\/\/schema.org","@graph":[{"@type":"WebPage","@id":"https:\/\/www.fisiogestion.com\/ca\/politica-privacidad\/","url":"https:\/\/www.fisiogestion.com\/ca\/politica-privacidad\/","name":"Politica de privacitat | Corporaci\u00f3 Fisiogesti\u00f3n","isPartOf":{"@id":"https:\/\/www.fisiogestion.com\/ca\/#website"},"datePublished":"2022-06-23T10:09:35+00:00","dateModified":"2022-07-19T15:48:31+00:00","description":"Politica de privacitat | Corporaci\u00f3 Fisiogesti\u00f3n","breadcrumb":{"@id":"https:\/\/www.fisiogestion.com\/ca\/politica-privacidad\/#breadcrumb"},"inLanguage":"ca","potentialAction":[{"@type":"ReadAction","target":["https:\/\/www.fisiogestion.com\/ca\/politica-privacidad\/"]}]},{"@type":"BreadcrumbList","@id":"https:\/\/www.fisiogestion.com\/ca\/politica-privacidad\/#breadcrumb","itemListElement":[{"@type":"ListItem","position":1,"name":"Inici","item":"https:\/\/www.fisiogestion.com\/ca\/"},{"@type":"ListItem","position":2,"name":"Politica de privacitat"}]},{"@type":"WebSite","@id":"https:\/\/www.fisiogestion.com\/ca\/#website","url":"https:\/\/www.fisiogestion.com\/ca\/","name":"Corporaci\u00f3 Fisiogesti\u00f3n","description":"Una nova manera d&#039;entendre la rehabilitaci\u00f3 i la cura integral de les persones","publisher":{"@id":"https:\/\/www.fisiogestion.com\/ca\/#organization"},"potentialAction":[{"@type":"SearchAction","target":{"@type":"EntryPoint","urlTemplate":"https:\/\/www.fisiogestion.com\/ca\/?s={search_term_string}"},"query-input":{"@type":"PropertyValueSpecification","valueRequired":true,"valueName":"search_term_string"}}],"inLanguage":"ca"},{"@type":"Organization","@id":"https:\/\/www.fisiogestion.com\/ca\/#organization","name":"Corporaci\u00f3n Fisiogesti\u00f3n","url":"https:\/\/www.fisiogestion.com\/ca\/","logo":{"@type":"ImageObject","inLanguage":"ca","@id":"https:\/\/www.fisiogestion.com\/ca\/#\/schema\/logo\/image\/","url":"https:\/\/www.fisiogestion.com\/wp-content\/uploads\/2022\/07\/fisiogestion_logo_cast.svg","contentUrl":"https:\/\/www.fisiogestion.com\/wp-content\/uploads\/2022\/07\/fisiogestion_logo_cast.svg","width":100,"height":100,"caption":"Corporaci\u00f3n Fisiogesti\u00f3n"},"image":{"@id":"https:\/\/www.fisiogestion.com\/ca\/#\/schema\/logo\/image\/"}}]}},"_links":{"self":[{"href":"https:\/\/www.fisiogestion.com\/ca\/wp-json\/wp\/v2\/pages\/79754","targetHints":{"allow":["GET"]}}],"collection":[{"href":"https:\/\/www.fisiogestion.com\/ca\/wp-json\/wp\/v2\/pages"}],"about":[{"href":"https:\/\/www.fisiogestion.com\/ca\/wp-json\/wp\/v2\/types\/page"}],"author":[{"embeddable":true,"href":"https:\/\/www.fisiogestion.com\/ca\/wp-json\/wp\/v2\/users\/1"}],"replies":[{"embeddable":true,"href":"https:\/\/www.fisiogestion.com\/ca\/wp-json\/wp\/v2\/comments?post=79754"}],"version-history":[{"count":0,"href":"https:\/\/www.fisiogestion.com\/ca\/wp-json\/wp\/v2\/pages\/79754\/revisions"}],"wp:attachment":[{"href":"https:\/\/www.fisiogestion.com\/ca\/wp-json\/wp\/v2\/media?parent=79754"}],"curies":[{"name":"wp","href":"https:\/\/api.w.org\/{rel}","templated":true}]}}